{"id":9,"date":"2020-01-16T08:39:36","date_gmt":"2020-01-16T07:39:36","guid":{"rendered":"https:\/\/www.stayer.es\/fr\/aviso-legal"},"modified":"2024-06-26T09:30:20","modified_gmt":"2024-06-26T07:30:20","slug":"informations-juridiques","status":"publish","type":"page","link":"https:\/\/www.stayer.es\/fr\/informations-juridiques\/","title":{"rendered":"Informations juridiques"},"content":{"rendered":"\n<h2 class=\"wp-block-heading\">I.\u00a0\u00a0\u00a0 Informations g\u00e9n\u00e9rales.<\/h2>\n\n\n\n<p>Stayer Iberica, SA, dont le si\u00e8ge social est situ\u00e9 \u00e0 C \/ Sierra de Cazorla, 7, 28320, Pinto (MADRID), CIF : A79004891, inscrite au registre du commerce de Madrid, volume 9209, g\u00e9n\u00e9ral 8009 de la section 3 du livre des soci\u00e9t\u00e9s, feuillet 134 et num\u00e9ro d&rsquo;enregistrement 86116 1.<\/p>\n\n\n\n<p>Actuellement, Stayer Iberica, SA op\u00e8re \u00e0 travers les domaines internet stayer.es et stayeriberica.es stayeriberica.com.<\/p>\n\n\n\n<h2 class=\"wp-block-heading\">II.\u00a0\u00a0\u00a0 Objet du contrat.<\/h2>\n\n\n\n<p>L&rsquo;acc\u00e8s \u00e0 ce site web attribue la condition de navigateur de l&rsquo;utilisateur, et accepte que vous reconnaissez avoir lu attentivement et compris tous les documents juridiques expos\u00e9s.<\/p>\n\n\n\n<p>Tous les contenus et param\u00e8tres, la documentation juridique et les \u00e9l\u00e9ments de ce site Web peuvent \u00eatre modifi\u00e9s sans pr\u00e9avis par le fournisseur, de sorte que le propri\u00e9taire recommande aux utilisateurs de le lire chaque fois que vous acc\u00e9dez au site Web.<\/p>\n\n\n\n<h2 class=\"wp-block-heading\">III.\u00a0\u00a0\u00a0 Site web et responsabilit\u00e9 du pr\u00eateur.<\/h2>\n\n\n\n<p>Le fournisseur d\u00e9cline toute responsabilit\u00e9 quant aux informations affich\u00e9es sur son site web, \u00e9tant donn\u00e9 que ces informations ont \u00e9t\u00e9 modifi\u00e9es ou introduites par une partie ext\u00e9rieure \u00e0 l&rsquo;organisation.<\/p>\n\n\n\n<p>Ce site web a \u00e9t\u00e9 examin\u00e9 et test\u00e9 pour fonctionner correctement. Toutefois, le fournisseur n&rsquo;exclut pas la possibilit\u00e9 qu&rsquo;il y ait des bogues, dus \u00e0 des cas de force majeure, des catastrophes naturelles, des gr\u00e8ves ou d&rsquo;autres circonstances similaires qui rendent l&rsquo;acc\u00e8s au site impossible.<\/p>\n\n\n\n<h2 class=\"wp-block-heading\">IV.\u00a0\u00a0\u00a0 Propri\u00e9t\u00e9 intellectuelle.<\/h2>\n\n\n\n<p>L&rsquo;ensemble du site web, y compris, mais sans s&rsquo;y limiter, la programmation, l&rsquo;\u00e9dition, la compilation et les autres \u00e9l\u00e9ments n\u00e9cessaires \u00e0 son fonctionnement, les dessins, les logos, les textes, les images, les photographies, les sons, les vid\u00e9os et\/ou les graphiques sont prot\u00e9g\u00e9s par le droit d&rsquo;auteur et la propri\u00e9t\u00e9 intellectuelle des registres et de l&rsquo;industrie. Il est absolument n\u00e9cessaire d&rsquo;obtenir l&rsquo;autorisation \u00e9crite du prestataire pour toute reproduction totale ou partielle, ainsi que pour l&rsquo;exploitation, la distribution et la commercialisation.<\/p>\n\n\n\n<p>En dehors du prestataire, les logos figurant sur le site web appartiennent \u00e0 leurs propri\u00e9taires respectifs, eux-m\u00eames responsables de tout litige pouvant survenir. Leur insertion sur le site a \u00e9t\u00e9 r\u00e9alis\u00e9e apr\u00e8s acceptation de leurs d\u00e9tenteurs.<\/p>\n\n\n\n<p>Toute r\u00e9clamation d\u00e9pos\u00e9e par les utilisateurs en relation avec d&rsquo;\u00e9ventuelles violations des droits de propri\u00e9t\u00e9 intellectuelle, ainsi que tout contenu du site Web, doit \u00eatre adress\u00e9e en priorit\u00e9 \u00e0 l&rsquo;adresse de courrier \u00e9lectronique suivante :<\/p>\n\n\n\n<p>Stayer Iberica, SA<br>C \/ Sierra de Cazorla, 7 28320 Pinto (Madrid) &#8211; Espagne<\/p>\n\n\n\n<h2 class=\"wp-block-heading\">V.\u00a0\u00a0\u00a0 Droit et juridiction.<\/h2>\n\n\n\n<p>Pour la r\u00e9solution de tous les litiges ou probl\u00e8mes avec ce site Web ou dans les activit\u00e9s d\u00e9velopp\u00e9es, s&rsquo;appliquera la loi espagnole, que les parties soumettent express\u00e9ment, conservent la comp\u00e9tence pour la r\u00e9solution de tous les litiges d\u00e9coulant de ou li\u00e9s \u00e0 l&rsquo;utilisation de ce site Web, les tribunaux de Madrid et, le cas \u00e9ch\u00e9ant, les tribunaux d&rsquo;arbitrage auxquels le pr\u00eateur est coll\u00e9 dans le temps du litige.<\/p>\n","protected":false},"excerpt":{"rendered":"<p>I.\u00a0\u00a0\u00a0 Informations g\u00e9n\u00e9rales. Stayer Iberica, SA, dont le si\u00e8ge social est situ\u00e9 \u00e0 C \/ Sierra de Cazorla, 7, 28320, Pinto (MADRID), CIF : A79004891, inscrite au registre du commerce de Madrid, volume 9209, g\u00e9n\u00e9ral 8009 de la section 3 du livre des soci\u00e9t\u00e9s, feuillet 134 et num\u00e9ro d&rsquo;enregistrement 86116 1. Actuellement, Stayer Iberica, SA [&hellip;]<\/p>\n","protected":false},"author":1,"featured_media":0,"parent":0,"menu_order":0,"comment_status":"closed","ping_status":"closed","template":"","meta":{"_acf_changed":false,"footnotes":""},"class_list":["post-9","page","type-page","status-publish","hentry"],"acf":false,"yoast_head":"<!-- This site is optimized with the Yoast SEO plugin v27.2 - https:\/\/yoast.com\/product\/yoast-seo-wordpress\/ -->\n<title>Informations juridiques - Frances<\/title>\n<meta name=\"robots\" content=\"noindex, follow\" \/>\n<meta property=\"og:locale\" content=\"fr_FR\" \/>\n<meta property=\"og:type\" content=\"article\" \/>\n<meta property=\"og:title\" content=\"Informations juridiques - Frances\" \/>\n<meta property=\"og:description\" content=\"I.\u00a0\u00a0\u00a0 Informations g\u00e9n\u00e9rales. Stayer Iberica, SA, dont le si\u00e8ge social est situ\u00e9 \u00e0 C \/ Sierra de Cazorla, 7, 28320, Pinto (MADRID), CIF : A79004891, inscrite au registre du commerce de Madrid, volume 9209, g\u00e9n\u00e9ral 8009 de la section 3 du livre des soci\u00e9t\u00e9s, feuillet 134 et num\u00e9ro d&rsquo;enregistrement 86116 1. Actuellement, Stayer Iberica, SA [&hellip;]\" \/>\n<meta property=\"og:url\" content=\"https:\/\/www.stayer.es\/fr\/informations-juridiques\/\" \/>\n<meta property=\"og:site_name\" content=\"Frances\" \/>\n<meta property=\"article:modified_time\" content=\"2024-06-26T07:30:20+00:00\" \/>\n<meta name=\"twitter:card\" content=\"summary_large_image\" \/>\n<meta name=\"twitter:label1\" content=\"Dur\u00e9e de lecture estim\u00e9e\" \/>\n\t<meta name=\"twitter:data1\" content=\"2 minutes\" \/>\n<script type=\"application\/ld+json\" class=\"yoast-schema-graph\">{\"@context\":\"https:\/\/schema.org\",\"@graph\":[{\"@type\":\"WebPage\",\"@id\":\"https:\/\/www.stayer.es\/fr\/informations-juridiques\/\",\"url\":\"https:\/\/www.stayer.es\/fr\/informations-juridiques\/\",\"name\":\"Informations juridiques - Frances\",\"isPartOf\":{\"@id\":\"https:\/\/www.stayer.es\/fr\/#website\"},\"datePublished\":\"2020-01-16T07:39:36+00:00\",\"dateModified\":\"2024-06-26T07:30:20+00:00\",\"inLanguage\":\"fr-FR\",\"potentialAction\":[{\"@type\":\"ReadAction\",\"target\":[\"https:\/\/www.stayer.es\/fr\/informations-juridiques\/\"]}]},{\"@type\":\"WebSite\",\"@id\":\"https:\/\/www.stayer.es\/fr\/#website\",\"url\":\"https:\/\/www.stayer.es\/fr\/\",\"name\":\"Frances\",\"description\":\"Otro sitio realizado con WordPress\",\"publisher\":{\"@id\":\"https:\/\/www.stayer.es\/fr\/#organization\"},\"potentialAction\":[{\"@type\":\"SearchAction\",\"target\":{\"@type\":\"EntryPoint\",\"urlTemplate\":\"https:\/\/www.stayer.es\/fr\/?s={search_term_string}\"},\"query-input\":{\"@type\":\"PropertyValueSpecification\",\"valueRequired\":true,\"valueName\":\"search_term_string\"}}],\"inLanguage\":\"fr-FR\"},{\"@type\":\"Organization\",\"@id\":\"https:\/\/www.stayer.es\/fr\/#organization\",\"name\":\"Stayer Iberica, S.A.\",\"url\":\"https:\/\/www.stayer.es\/fr\/\",\"logo\":{\"@type\":\"ImageObject\",\"inLanguage\":\"fr-FR\",\"@id\":\"https:\/\/www.stayer.es\/fr\/#\/schema\/logo\/image\/\",\"url\":\"https:\/\/www.stayer.es\/fr\/wp-content\/uploads\/sites\/7\/stayer-rojo.png\",\"contentUrl\":\"https:\/\/www.stayer.es\/fr\/wp-content\/uploads\/sites\/7\/stayer-rojo.png\",\"width\":400,\"height\":113,\"caption\":\"Stayer Iberica, S.A.\"},\"image\":{\"@id\":\"https:\/\/www.stayer.es\/fr\/#\/schema\/logo\/image\/\"}}]}<\/script>\n<!-- \/ Yoast SEO plugin. -->","yoast_head_json":{"title":"Informations juridiques - Frances","robots":{"index":"noindex","follow":"follow"},"og_locale":"fr_FR","og_type":"article","og_title":"Informations juridiques - Frances","og_description":"I.\u00a0\u00a0\u00a0 Informations g\u00e9n\u00e9rales. Stayer Iberica, SA, dont le si\u00e8ge social est situ\u00e9 \u00e0 C \/ Sierra de Cazorla, 7, 28320, Pinto (MADRID), CIF : A79004891, inscrite au registre du commerce de Madrid, volume 9209, g\u00e9n\u00e9ral 8009 de la section 3 du livre des soci\u00e9t\u00e9s, feuillet 134 et num\u00e9ro d&rsquo;enregistrement 86116 1. Actuellement, Stayer Iberica, SA [&hellip;]","og_url":"https:\/\/www.stayer.es\/fr\/informations-juridiques\/","og_site_name":"Frances","article_modified_time":"2024-06-26T07:30:20+00:00","twitter_card":"summary_large_image","twitter_misc":{"Dur\u00e9e de lecture estim\u00e9e":"2 minutes"},"schema":{"@context":"https:\/\/schema.org","@graph":[{"@type":"WebPage","@id":"https:\/\/www.stayer.es\/fr\/informations-juridiques\/","url":"https:\/\/www.stayer.es\/fr\/informations-juridiques\/","name":"Informations juridiques - Frances","isPartOf":{"@id":"https:\/\/www.stayer.es\/fr\/#website"},"datePublished":"2020-01-16T07:39:36+00:00","dateModified":"2024-06-26T07:30:20+00:00","inLanguage":"fr-FR","potentialAction":[{"@type":"ReadAction","target":["https:\/\/www.stayer.es\/fr\/informations-juridiques\/"]}]},{"@type":"WebSite","@id":"https:\/\/www.stayer.es\/fr\/#website","url":"https:\/\/www.stayer.es\/fr\/","name":"Frances","description":"Otro sitio realizado con WordPress","publisher":{"@id":"https:\/\/www.stayer.es\/fr\/#organization"},"potentialAction":[{"@type":"SearchAction","target":{"@type":"EntryPoint","urlTemplate":"https:\/\/www.stayer.es\/fr\/?s={search_term_string}"},"query-input":{"@type":"PropertyValueSpecification","valueRequired":true,"valueName":"search_term_string"}}],"inLanguage":"fr-FR"},{"@type":"Organization","@id":"https:\/\/www.stayer.es\/fr\/#organization","name":"Stayer Iberica, S.A.","url":"https:\/\/www.stayer.es\/fr\/","logo":{"@type":"ImageObject","inLanguage":"fr-FR","@id":"https:\/\/www.stayer.es\/fr\/#\/schema\/logo\/image\/","url":"https:\/\/www.stayer.es\/fr\/wp-content\/uploads\/sites\/7\/stayer-rojo.png","contentUrl":"https:\/\/www.stayer.es\/fr\/wp-content\/uploads\/sites\/7\/stayer-rojo.png","width":400,"height":113,"caption":"Stayer Iberica, S.A."},"image":{"@id":"https:\/\/www.stayer.es\/fr\/#\/schema\/logo\/image\/"}}]}},"_links":{"self":[{"href":"https:\/\/www.stayer.es\/fr\/wp-json\/wp\/v2\/pages\/9","targetHints":{"allow":["GET"]}}],"collection":[{"href":"https:\/\/www.stayer.es\/fr\/wp-json\/wp\/v2\/pages"}],"about":[{"href":"https:\/\/www.stayer.es\/fr\/wp-json\/wp\/v2\/types\/page"}],"author":[{"embeddable":true,"href":"https:\/\/www.stayer.es\/fr\/wp-json\/wp\/v2\/users\/1"}],"replies":[{"embeddable":true,"href":"https:\/\/www.stayer.es\/fr\/wp-json\/wp\/v2\/comments?post=9"}],"version-history":[{"count":0,"href":"https:\/\/www.stayer.es\/fr\/wp-json\/wp\/v2\/pages\/9\/revisions"}],"wp:attachment":[{"href":"https:\/\/www.stayer.es\/fr\/wp-json\/wp\/v2\/media?parent=9"}],"curies":[{"name":"wp","href":"https:\/\/api.w.org\/{rel}","templated":true}]}}