{"id":3,"date":"2020-01-16T07:17:36","date_gmt":"2020-01-16T06:17:36","guid":{"rendered":"https:\/\/www.stayer.es\/fr\/?page_id=3"},"modified":"2024-06-26T09:39:34","modified_gmt":"2024-06-26T07:39:34","slug":"politique-de-confidentialite","status":"publish","type":"page","link":"https:\/\/www.stayer.es\/fr\/politique-de-confidentialite\/","title":{"rendered":"Politique de confidentialit\u00e9"},"content":{"rendered":"\n<h2 class=\"wp-block-heading\">Vue d&rsquo;ensemble<\/h2>\n\n\n\n<p>Stayer Ib\u00e9rica, SA, dont le si\u00e8ge social est situ\u00e9 C \/ Sierra de Cazorla 7, 28320, Pinto (MADRID), avec CIF : A79004891, et inscrite au Registre du Commerce de Madrid, Volume 9209, g\u00e9n\u00e9ral 8009 Livre des Soci\u00e9t\u00e9s Section 3, Page 134, Feuillet N\u00ba86116, 1\u00e8re Inscription, conform\u00e9ment aux dispositions du R\u00e8glement G\u00e9n\u00e9ral de Protection des Donn\u00e9es 679\/2016, de la Loi Organique 15\/1999, de Protection des Donn\u00e9es \u00e0 Caract\u00e8re Personnel (ci-apr\u00e8s \u00a0\u00bb LOPD \u00ab\u00a0), et de la Loi 34\/2002 du 11 juillet, de Services de la Soci\u00e9t\u00e9 de l&rsquo;Information et du Commerce \u00c9lectronique, informe qu&rsquo;elle s&rsquo;engage au respect et \u00e0 la protection des donn\u00e9es \u00e0 caract\u00e8re personnel et de la vie priv\u00e9e de l&rsquo;utilisateur.<\/p>\n\n\n\n<p>Toutes les donn\u00e9es personnelles sont trait\u00e9es dans un fichier automatis\u00e9 d\u00fbment inscrit \u00e0 l&rsquo;Agence Espagnole de Protection des Donn\u00e9es sous le nom de Stayer Ib\u00e9rica, S.A.<\/p>\n\n\n\n<p>L&rsquo;utilisateur est inform\u00e9 qu&rsquo;en introduisant ses donn\u00e9es dans les formulaires du site Web, il accepte express\u00e9ment, librement, en connaissance de cause et sans \u00e9quivoque que Stayer Ib\u00e9rica, S.A. traite ces donn\u00e9es au moins pour les finalit\u00e9s suivantes :<\/p>\n\n\n\n<p>a. Traitement des commandes, estimations ou tout autre type de demande formul\u00e9e par l&rsquo;utilisateur par l&rsquo;interm\u00e9diaire du site web.<\/p>\n\n\n\n<p>b. Publicit\u00e9 ou promotions, \u00e9lectroniques ou sous forme physique, li\u00e9es aux produits et\/ou services offerts sur le site web, et\/ou \u00e0 ceux contract\u00e9s par l&rsquo;utilisateur.<\/p>\n\n\n\n<p>En fonction des objectifs du traitement, la dur\u00e9e doit \u00eatre la suivante:<\/p>\n\n\n\n<ul class=\"wp-block-list\">\n<li>Pendant la relation contractuelle (section a).<\/li>\n\n\n\n<li>Jusqu&rsquo;\u00e0 la r\u00e9solution de la question ou de la r\u00e9clamation soulev\u00e9e (section a).<\/li>\n\n\n\n<li>Jusqu&rsquo;\u00e0 la r\u00e9vocation du consentement (section b).<\/li>\n\n\n\n<li>Jusqu&rsquo;\u00e0 ce que la suppression des donn\u00e9es soit demand\u00e9e (sections a et b).<\/li>\n<\/ul>\n\n\n\n<p>Les donn\u00e9es des utilisateurs seront communiqu\u00e9es \u00e0 des soci\u00e9t\u00e9s tierces du Groupe Stayer lorsque l&rsquo;un de leurs services est demand\u00e9 et dans le but de r\u00e9pondre \u00e0 la demande re\u00e7ue ou d&rsquo;envoyer des communications commerciales, ainsi qu&rsquo;\u00e0 des tribunaux ou \u00e0 des administrations publiques pour r\u00e9pondre \u00e0 toute exigence l\u00e9gale.<\/p>\n\n\n\n<p>La partie concern\u00e9e est inform\u00e9e de la possibilit\u00e9 d&rsquo;exercer les droits suivants :<\/p>\n\n\n\n<ol class=\"wp-block-list\">\n<li>Droit d&rsquo;acc\u00e8s aux donn\u00e9es personnelles pour savoir qui est trait\u00e9 et quelles sont les op\u00e9rations de traitement effectu\u00e9es.<\/li>\n\n\n\n<li>Droit de rectification de toute donn\u00e9e personnelle inexacte.<\/li>\n\n\n\n<li>Les droits d&rsquo;annulation \/ suppression \/ omission qui permettent la suppression des donn\u00e9es qui s&rsquo;av\u00e8rent inad\u00e9quates ou excessives, sans pr\u00e9judice de l&rsquo;obligation de blocage, incluse dans la LOPD.<\/li>\n\n\n\n<li>Droits d&rsquo;opposition : L&rsquo;utilisateur a le droit de ne pas effectuer le traitement de donn\u00e9es \u00e0 caract\u00e8re personnel ou de l&rsquo;interrompre pour certaines finalit\u00e9s. L&rsquo;utilisateur peut s&rsquo;opposer au traitement des donn\u00e9es en indiquant les finalit\u00e9s sp\u00e9cifiques faisant l&rsquo;objet de l&rsquo;opposition.<\/li>\n\n\n\n<li>Droits de portabilit\u00e9 : Le droit \u00e0 la portabilit\u00e9 permettra \u00e0 l&rsquo;utilisateur de demander une copie dans un format structur\u00e9, en vue d&rsquo;une utilisation courante et d&rsquo;une lecture m\u00e9canique des donn\u00e9es \u00e0 caract\u00e8re personnel.<\/li>\n<\/ol>\n\n\n\n<p>L&rsquo;utilisateur doit seulement remplir le formulaire correspondant et l&rsquo;envoyer avec une copie de sa pi\u00e8ce d&rsquo;identit\u00e9 \u00e0 l&rsquo;adresse postale indiqu\u00e9e ci-dessus. Si l&rsquo;utilisateur ne souhaite pas recevoir de communications commerciales, il peut se d\u00e9sinscrire par courrier \u00e9lectronique.<\/p>\n\n\n\n<p>Stayer Iberica, S.A. a adopt\u00e9 toutes les mesures techniques et organisationnelles n\u00e9cessaires pour garantir la s\u00e9curit\u00e9 et l&rsquo;int\u00e9grit\u00e9 des donn\u00e9es personnelles trait\u00e9es, ainsi que pour \u00e9viter leur perte, leur alt\u00e9ration et\/ou leur acc\u00e8s par des tiers non autoris\u00e9s.<\/p>\n\n\n\n<p>Si vous avez des questions concernant le traitement de vos donn\u00e9es personnelles, contactez-nous \u00e0 l&rsquo;adresse suivante : <a href=\"mailto:dpo@grupostayer.com\">dpo@grupostayer.com<\/a><\/p>\n","protected":false},"excerpt":{"rendered":"<p>Vue d&rsquo;ensemble Stayer Ib\u00e9rica, SA, dont le si\u00e8ge social est situ\u00e9 C \/ Sierra de Cazorla 7, 28320, Pinto (MADRID), avec CIF : A79004891, et inscrite au Registre du Commerce de Madrid, Volume 9209, g\u00e9n\u00e9ral 8009 Livre des Soci\u00e9t\u00e9s Section 3, Page 134, Feuillet N\u00ba86116, 1\u00e8re Inscription, conform\u00e9ment aux dispositions du R\u00e8glement G\u00e9n\u00e9ral de Protection [&hellip;]<\/p>\n","protected":false},"author":1,"featured_media":0,"parent":0,"menu_order":0,"comment_status":"closed","ping_status":"closed","template":"","meta":{"_acf_changed":false,"footnotes":""},"class_list":["post-3","page","type-page","status-publish","hentry"],"acf":false,"yoast_head":"<!-- This site is optimized with the Yoast SEO plugin v27.4 - https:\/\/yoast.com\/product\/yoast-seo-wordpress\/ -->\n<title>Politique de confidentialit\u00e9 - Frances<\/title>\n<meta name=\"robots\" content=\"noindex, follow\" \/>\n<meta property=\"og:locale\" content=\"fr_FR\" \/>\n<meta property=\"og:type\" content=\"article\" \/>\n<meta property=\"og:title\" content=\"Politique de confidentialit\u00e9 - Frances\" \/>\n<meta property=\"og:description\" content=\"Vue d&rsquo;ensemble Stayer Ib\u00e9rica, SA, dont le si\u00e8ge social est situ\u00e9 C \/ Sierra de Cazorla 7, 28320, Pinto (MADRID), avec CIF : A79004891, et inscrite au Registre du Commerce de Madrid, Volume 9209, g\u00e9n\u00e9ral 8009 Livre des Soci\u00e9t\u00e9s Section 3, Page 134, Feuillet N\u00ba86116, 1\u00e8re Inscription, conform\u00e9ment aux dispositions du R\u00e8glement G\u00e9n\u00e9ral de Protection [&hellip;]\" \/>\n<meta property=\"og:url\" content=\"https:\/\/www.stayer.es\/fr\/politique-de-confidentialite\/\" \/>\n<meta property=\"og:site_name\" content=\"Frances\" \/>\n<meta property=\"article:modified_time\" content=\"2024-06-26T07:39:34+00:00\" \/>\n<meta name=\"twitter:card\" content=\"summary_large_image\" \/>\n<meta name=\"twitter:label1\" content=\"Dur\u00e9e de lecture estim\u00e9e\" \/>\n\t<meta name=\"twitter:data1\" content=\"3 minutes\" \/>\n<script type=\"application\/ld+json\" class=\"yoast-schema-graph\">{\"@context\":\"https:\\\/\\\/schema.org\",\"@graph\":[{\"@type\":\"WebPage\",\"@id\":\"https:\\\/\\\/www.stayer.es\\\/fr\\\/politique-de-confidentialite\\\/\",\"url\":\"https:\\\/\\\/www.stayer.es\\\/fr\\\/politique-de-confidentialite\\\/\",\"name\":\"Politique de confidentialit\u00e9 - Frances\",\"isPartOf\":{\"@id\":\"https:\\\/\\\/www.stayer.es\\\/fr\\\/#website\"},\"datePublished\":\"2020-01-16T06:17:36+00:00\",\"dateModified\":\"2024-06-26T07:39:34+00:00\",\"inLanguage\":\"fr-FR\",\"potentialAction\":[{\"@type\":\"ReadAction\",\"target\":[\"https:\\\/\\\/www.stayer.es\\\/fr\\\/politique-de-confidentialite\\\/\"]}]},{\"@type\":\"WebSite\",\"@id\":\"https:\\\/\\\/www.stayer.es\\\/fr\\\/#website\",\"url\":\"https:\\\/\\\/www.stayer.es\\\/fr\\\/\",\"name\":\"Frances\",\"description\":\"Otro sitio realizado con WordPress\",\"publisher\":{\"@id\":\"https:\\\/\\\/www.stayer.es\\\/fr\\\/#organization\"},\"potentialAction\":[{\"@type\":\"SearchAction\",\"target\":{\"@type\":\"EntryPoint\",\"urlTemplate\":\"https:\\\/\\\/www.stayer.es\\\/fr\\\/?s={search_term_string}\"},\"query-input\":{\"@type\":\"PropertyValueSpecification\",\"valueRequired\":true,\"valueName\":\"search_term_string\"}}],\"inLanguage\":\"fr-FR\"},{\"@type\":\"Organization\",\"@id\":\"https:\\\/\\\/www.stayer.es\\\/fr\\\/#organization\",\"name\":\"Stayer Iberica, S.A.\",\"url\":\"https:\\\/\\\/www.stayer.es\\\/fr\\\/\",\"logo\":{\"@type\":\"ImageObject\",\"inLanguage\":\"fr-FR\",\"@id\":\"https:\\\/\\\/www.stayer.es\\\/fr\\\/#\\\/schema\\\/logo\\\/image\\\/\",\"url\":\"https:\\\/\\\/www.stayer.es\\\/fr\\\/wp-content\\\/uploads\\\/sites\\\/7\\\/stayer-rojo.png\",\"contentUrl\":\"https:\\\/\\\/www.stayer.es\\\/fr\\\/wp-content\\\/uploads\\\/sites\\\/7\\\/stayer-rojo.png\",\"width\":400,\"height\":113,\"caption\":\"Stayer Iberica, S.A.\"},\"image\":{\"@id\":\"https:\\\/\\\/www.stayer.es\\\/fr\\\/#\\\/schema\\\/logo\\\/image\\\/\"}}]}<\/script>\n<!-- \/ Yoast SEO plugin. -->","yoast_head_json":{"title":"Politique de confidentialit\u00e9 - Frances","robots":{"index":"noindex","follow":"follow"},"og_locale":"fr_FR","og_type":"article","og_title":"Politique de confidentialit\u00e9 - Frances","og_description":"Vue d&rsquo;ensemble Stayer Ib\u00e9rica, SA, dont le si\u00e8ge social est situ\u00e9 C \/ Sierra de Cazorla 7, 28320, Pinto (MADRID), avec CIF : A79004891, et inscrite au Registre du Commerce de Madrid, Volume 9209, g\u00e9n\u00e9ral 8009 Livre des Soci\u00e9t\u00e9s Section 3, Page 134, Feuillet N\u00ba86116, 1\u00e8re Inscription, conform\u00e9ment aux dispositions du R\u00e8glement G\u00e9n\u00e9ral de Protection [&hellip;]","og_url":"https:\/\/www.stayer.es\/fr\/politique-de-confidentialite\/","og_site_name":"Frances","article_modified_time":"2024-06-26T07:39:34+00:00","twitter_card":"summary_large_image","twitter_misc":{"Dur\u00e9e de lecture estim\u00e9e":"3 minutes"},"schema":{"@context":"https:\/\/schema.org","@graph":[{"@type":"WebPage","@id":"https:\/\/www.stayer.es\/fr\/politique-de-confidentialite\/","url":"https:\/\/www.stayer.es\/fr\/politique-de-confidentialite\/","name":"Politique de confidentialit\u00e9 - Frances","isPartOf":{"@id":"https:\/\/www.stayer.es\/fr\/#website"},"datePublished":"2020-01-16T06:17:36+00:00","dateModified":"2024-06-26T07:39:34+00:00","inLanguage":"fr-FR","potentialAction":[{"@type":"ReadAction","target":["https:\/\/www.stayer.es\/fr\/politique-de-confidentialite\/"]}]},{"@type":"WebSite","@id":"https:\/\/www.stayer.es\/fr\/#website","url":"https:\/\/www.stayer.es\/fr\/","name":"Frances","description":"Otro sitio realizado con WordPress","publisher":{"@id":"https:\/\/www.stayer.es\/fr\/#organization"},"potentialAction":[{"@type":"SearchAction","target":{"@type":"EntryPoint","urlTemplate":"https:\/\/www.stayer.es\/fr\/?s={search_term_string}"},"query-input":{"@type":"PropertyValueSpecification","valueRequired":true,"valueName":"search_term_string"}}],"inLanguage":"fr-FR"},{"@type":"Organization","@id":"https:\/\/www.stayer.es\/fr\/#organization","name":"Stayer Iberica, S.A.","url":"https:\/\/www.stayer.es\/fr\/","logo":{"@type":"ImageObject","inLanguage":"fr-FR","@id":"https:\/\/www.stayer.es\/fr\/#\/schema\/logo\/image\/","url":"https:\/\/www.stayer.es\/fr\/wp-content\/uploads\/sites\/7\/stayer-rojo.png","contentUrl":"https:\/\/www.stayer.es\/fr\/wp-content\/uploads\/sites\/7\/stayer-rojo.png","width":400,"height":113,"caption":"Stayer Iberica, S.A."},"image":{"@id":"https:\/\/www.stayer.es\/fr\/#\/schema\/logo\/image\/"}}]}},"_links":{"self":[{"href":"https:\/\/www.stayer.es\/fr\/wp-json\/wp\/v2\/pages\/3","targetHints":{"allow":["GET"]}}],"collection":[{"href":"https:\/\/www.stayer.es\/fr\/wp-json\/wp\/v2\/pages"}],"about":[{"href":"https:\/\/www.stayer.es\/fr\/wp-json\/wp\/v2\/types\/page"}],"author":[{"embeddable":true,"href":"https:\/\/www.stayer.es\/fr\/wp-json\/wp\/v2\/users\/1"}],"replies":[{"embeddable":true,"href":"https:\/\/www.stayer.es\/fr\/wp-json\/wp\/v2\/comments?post=3"}],"version-history":[{"count":0,"href":"https:\/\/www.stayer.es\/fr\/wp-json\/wp\/v2\/pages\/3\/revisions"}],"wp:attachment":[{"href":"https:\/\/www.stayer.es\/fr\/wp-json\/wp\/v2\/media?parent=3"}],"curies":[{"name":"wp","href":"https:\/\/api.w.org\/{rel}","templated":true}]}}