{"id":12,"date":"2020-01-16T08:40:09","date_gmt":"2020-01-16T07:40:09","guid":{"rendered":"https:\/\/www.stayer.es\/fr\/catalogos"},"modified":"2025-09-24T16:50:42","modified_gmt":"2025-09-24T14:50:42","slug":"catalogues","status":"publish","type":"page","link":"https:\/\/www.stayer.es\/fr\/catalogues\/","title":{"rendered":"Catalogues"},"content":{"rendered":"\t\t<div data-elementor-type=\"wp-page\" data-elementor-id=\"12\" class=\"elementor elementor-12\" data-elementor-post-type=\"page\">\n\t\t\t\t\t\t<section class=\"elementor-section elementor-top-section elementor-element elementor-element-6af4574 elementor-section-boxed elementor-section-height-default elementor-section-height-default\" data-id=\"6af4574\" data-element_type=\"section\" data-e-type=\"section\">\n\t\t\t\t\t\t<div class=\"elementor-container elementor-column-gap-default\">\n\t\t\t\t\t<div class=\"elementor-column elementor-col-100 elementor-top-column elementor-element elementor-element-337d9a3\" data-id=\"337d9a3\" data-element_type=\"column\" data-e-type=\"column\">\n\t\t\t<div class=\"elementor-widget-wrap elementor-element-populated\">\n\t\t\t\t\t\t<div data-dce-title-color=\"#211915\" class=\"elementor-element elementor-element-c15c6f3 elementor-widget elementor-widget-heading\" data-id=\"c15c6f3\" data-element_type=\"widget\" data-e-type=\"widget\" data-widget_type=\"heading.default\">\n\t\t\t\t<div class=\"elementor-widget-container\">\n\t\t\t\t\t<h1 class=\"elementor-heading-title elementor-size-default\">CATALOGUES STAYER<\/h1>\t\t\t\t<\/div>\n\t\t\t\t<\/div>\n\t\t\t\t<div data-dce-title-color=\"#333531\" class=\"elementor-element elementor-element-5b5ad95 elementor-widget elementor-widget-heading\" data-id=\"5b5ad95\" data-element_type=\"widget\" data-e-type=\"widget\" data-widget_type=\"heading.default\">\n\t\t\t\t<div class=\"elementor-widget-container\">\n\t\t\t\t\t<h2 class=\"elementor-heading-title elementor-size-default\">DISPONIBLE AU T\u00c9L\u00c9CHARGEMENT<\/h2>\t\t\t\t<\/div>\n\t\t\t\t<\/div>\n\t\t\t\t\t<\/div>\n\t\t<\/div>\n\t\t\t\t\t<\/div>\n\t\t<\/section>\n\t\t\t\t<section class=\"elementor-section elementor-top-section elementor-element elementor-element-4d930f9 catalogos elementor-section-boxed elementor-section-height-default elementor-section-height-default\" data-id=\"4d930f9\" data-element_type=\"section\" data-e-type=\"section\">\n\t\t\t\t\t\t<div class=\"elementor-container elementor-column-gap-default\">\n\t\t\t\t\t<div class=\"elementor-column elementor-col-100 elementor-top-column elementor-element elementor-element-d477c53\" data-id=\"d477c53\" data-element_type=\"column\" data-e-type=\"column\">\n\t\t\t<div class=\"elementor-widget-wrap elementor-element-populated\">\n\t\t\t\t\t\t<div data-dce-title-color=\"#FFFFFF\" class=\"elementor-element elementor-element-1973a10 elementor-cta--skin-cover elementor-cta--valign-bottom elementor-widget__width-initial elementor-widget-mobile__width-inherit elementor-bg-transform elementor-bg-transform-zoom-in elementor-widget elementor-widget-call-to-action\" data-id=\"1973a10\" data-element_type=\"widget\" data-e-type=\"widget\" data-widget_type=\"call-to-action.default\">\n\t\t\t\t<div class=\"elementor-widget-container\">\n\t\t\t\t\t\t\t<a class=\"elementor-cta\" href=\"https:\/\/www.stayer.es\/wp-content\/uploads\/Catalogo-2025_FR_compressed.pdf\" target=\"_blank\">\n\t\t\t\t\t<div class=\"elementor-cta__bg-wrapper\">\n\t\t\t\t<div class=\"elementor-cta__bg elementor-bg\" style=\"background-image: url(https:\/\/www.stayer.es\/fr\/wp-content\/uploads\/sites\/7\/Catalogo-2025_FR-1_page-0001-725x1024.jpg);\" role=\"img\" aria-label=\"Catalogo 2025_FR-1_page-0001\"><\/div>\n\t\t\t\t<div class=\"elementor-cta__bg-overlay\"><\/div>\n\t\t\t<\/div>\n\t\t\t\t\t\t\t<div class=\"elementor-cta__content\">\n\t\t\t\t\n\t\t\t\t\t\t\t\t\t<h2 class=\"elementor-cta__title elementor-cta__content-item elementor-content-item\">\n\t\t\t\t\t\tCATALOGUE G\u00c9N\u00c9RAL\t\t\t\t\t<\/h2>\n\t\t\t\t\n\t\t\t\t\t\t\t\t\t<div class=\"elementor-cta__description elementor-cta__content-item elementor-content-item\">\n\t\t\t\t\t\t<b>OUTILS ET ACCESSOIRES \u00c9LECTRIQUES\nRetrouvez tous nos produits<\/b>\t\t\t\t\t<\/div>\n\t\t\t\t\n\t\t\t\t\t\t\t\t\t<div class=\"elementor-cta__button-wrapper elementor-cta__content-item elementor-content-item \">\n\t\t\t\t\t<span class=\"elementor-cta__button elementor-button elementor-size-xs\">\n\t\t\t\t\t\tDescargar\t\t\t\t\t<\/span>\n\t\t\t\t\t<\/div>\n\t\t\t\t\t\t\t<\/div>\n\t\t\t\t\t\t<\/a>\n\t\t\t\t\t\t<\/div>\n\t\t\t\t<\/div>\n\t\t\t\t<div data-dce-title-color=\"#211915\" class=\"elementor-element elementor-element-130421b elementor-cta--skin-cover elementor-cta--valign-bottom elementor-widget__width-initial elementor-widget-mobile__width-inherit elementor-bg-transform elementor-bg-transform-zoom-in elementor-widget elementor-widget-call-to-action\" data-id=\"130421b\" data-element_type=\"widget\" data-e-type=\"widget\" data-widget_type=\"call-to-action.default\">\n\t\t\t\t<div class=\"elementor-widget-container\">\n\t\t\t\t\t\t\t<a class=\"elementor-cta\" href=\"https:\/\/www.stayer.es\/fr\/wp-content\/uploads\/sites\/7\/Catalogo-Welding-2025_FR_compressed.pdf\" target=\"_blank\">\n\t\t\t\t\t<div class=\"elementor-cta__bg-wrapper\">\n\t\t\t\t<div class=\"elementor-cta__bg elementor-bg\" style=\"background-image: url(https:\/\/www.stayer.es\/fr\/wp-content\/uploads\/sites\/7\/Catalogo-Welding-2025_FR-1_page-0001-725x1024.jpg);\" role=\"img\" aria-label=\"Catalogo Welding 2025_FR-1_page-0001\"><\/div>\n\t\t\t\t<div class=\"elementor-cta__bg-overlay\"><\/div>\n\t\t\t<\/div>\n\t\t\t\t\t\t\t<div class=\"elementor-cta__content\">\n\t\t\t\t\n\t\t\t\t\t\t\t\t\t<h2 class=\"elementor-cta__title elementor-cta__content-item elementor-content-item\">\n\t\t\t\t\t\tWELDING CATALOGUE \t\t\t\t\t<\/h2>\n\t\t\t\t\n\t\t\t\t\t\t\t\t\t<div class=\"elementor-cta__description elementor-cta__content-item elementor-content-item\">\n\t\t\t\t\t\tOutils Et Accessoires \u00c9lectriques\nRetrouvez tous nos produits\t\t\t\t\t<\/div>\n\t\t\t\t\n\t\t\t\t\t\t\t\t\t<div class=\"elementor-cta__button-wrapper elementor-cta__content-item elementor-content-item \">\n\t\t\t\t\t<span class=\"elementor-cta__button elementor-button elementor-size-xs\">\n\t\t\t\t\t\tDescargar\t\t\t\t\t<\/span>\n\t\t\t\t\t<\/div>\n\t\t\t\t\t\t\t<\/div>\n\t\t\t\t\t\t<\/a>\n\t\t\t\t\t\t<\/div>\n\t\t\t\t<\/div>\n\t\t\t\t<div data-dce-title-color=\"#211915\" class=\"elementor-element elementor-element-a771255 elementor-cta--skin-cover elementor-cta--valign-bottom elementor-widget__width-initial elementor-widget-mobile__width-inherit elementor-bg-transform elementor-bg-transform-zoom-in elementor-widget elementor-widget-call-to-action\" data-id=\"a771255\" data-element_type=\"widget\" data-e-type=\"widget\" data-widget_type=\"call-to-action.default\">\n\t\t\t\t<div class=\"elementor-widget-container\">\n\t\t\t\t\t\t\t<a class=\"elementor-cta\" href=\"https:\/\/www.stayer.es\/wp-content\/uploads\/Catalogo-Accesorios-2022_FR-1.pdf\" target=\"_blank\">\n\t\t\t\t\t<div class=\"elementor-cta__bg-wrapper\">\n\t\t\t\t<div class=\"elementor-cta__bg elementor-bg\" style=\"background-image: url(https:\/\/www.stayer.es\/fr\/wp-content\/uploads\/sites\/7\/COVER-CATALOGUE_ACCESSORIS_EN_WEB-2-1-715x1024.jpg);\" role=\"img\" aria-label=\"COVER-CATALOGUE_ACCESSORIS_EN_WEB-2.jpg\"><\/div>\n\t\t\t\t<div class=\"elementor-cta__bg-overlay\"><\/div>\n\t\t\t<\/div>\n\t\t\t\t\t\t\t<div class=\"elementor-cta__content\">\n\t\t\t\t\n\t\t\t\t\t\t\t\t\t<h2 class=\"elementor-cta__title elementor-cta__content-item elementor-content-item\">\n\t\t\t\t\t\tACCESSOIRES\t\t\t\t\t<\/h2>\n\t\t\t\t\n\t\t\t\t\t\t\t\t\t<div class=\"elementor-cta__description elementor-cta__content-item elementor-content-item\">\n\t\t\t\t\t\tToutes les solutions accessibles aux professionnels.\t\t\t\t\t<\/div>\n\t\t\t\t\n\t\t\t\t\t\t\t\t\t<div class=\"elementor-cta__button-wrapper elementor-cta__content-item elementor-content-item \">\n\t\t\t\t\t<span class=\"elementor-cta__button elementor-button elementor-size-xs\">\n\t\t\t\t\t\tDescargar\t\t\t\t\t<\/span>\n\t\t\t\t\t<\/div>\n\t\t\t\t\t\t\t<\/div>\n\t\t\t\t\t\t<\/a>\n\t\t\t\t\t\t<\/div>\n\t\t\t\t<\/div>\n\t\t\t\t<div data-dce-title-color=\"#000000\" class=\"elementor-element elementor-element-dcb8c4d elementor-cta--skin-cover elementor-cta--valign-bottom elementor-widget__width-initial elementor-widget-mobile__width-inherit elementor-bg-transform elementor-bg-transform-zoom-in elementor-widget elementor-widget-call-to-action\" data-id=\"dcb8c4d\" data-element_type=\"widget\" data-e-type=\"widget\" data-widget_type=\"call-to-action.default\">\n\t\t\t\t<div class=\"elementor-widget-container\">\n\t\t\t\t\t\t\t<a class=\"elementor-cta\" href=\"https:\/\/drive.google.com\/drive\/folders\/1IyoXfo6ggb9ujAnxO3YKANj4NRUO5Kjv?usp=drive_link\" target=\"_blank\">\n\t\t\t\t\t<div class=\"elementor-cta__bg-wrapper\">\n\t\t\t\t<div class=\"elementor-cta__bg elementor-bg\" style=\"background-image: url(https:\/\/www.stayer.es\/fr\/wp-content\/uploads\/sites\/7\/F_HDB-L20_fr_page-0001-scaled-1-1536x1087.jpg);\" role=\"img\" aria-label=\"F_HDB-L20_fr_page-0001-scaled.jpg\"><\/div>\n\t\t\t\t<div class=\"elementor-cta__bg-overlay\"><\/div>\n\t\t\t<\/div>\n\t\t\t\t\t\t\t<div class=\"elementor-cta__content\">\n\t\t\t\t\n\t\t\t\t\t\t\t\t\t<h2 class=\"elementor-cta__title elementor-cta__content-item elementor-content-item\">\n\t\t\t\t\t\tFiches Techniques\t\t\t\t\t<\/h2>\n\t\t\t\t\n\t\t\t\t\n\t\t\t\t\t\t\t\t\t<div class=\"elementor-cta__button-wrapper elementor-cta__content-item elementor-content-item \">\n\t\t\t\t\t<span class=\"elementor-cta__button elementor-button elementor-size-xs\">\n\t\t\t\t\t\tDescargar\t\t\t\t\t<\/span>\n\t\t\t\t\t<\/div>\n\t\t\t\t\t\t\t<\/div>\n\t\t\t\t\t\t<\/a>\n\t\t\t\t\t\t<\/div>\n\t\t\t\t<\/div>\n\t\t\t\t\t<\/div>\n\t\t<\/div>\n\t\t\t\t\t<\/div>\n\t\t<\/section>\n\t\t\t\t<section data-dce-background-overlay-color=\"rgba(255, 255, 255, 0.41)\" data-dce-background-image-url=\"https:\/\/www.stayer.es\/en\/wp-content\/uploads\/producto-footer.jpg\" class=\"elementor-section elementor-top-section elementor-element elementor-element-795bb0b elementor-section-height-min-height elementor-section-items-stretch elementor-section-full_width elementor-section-height-default\" data-id=\"795bb0b\" data-element_type=\"section\" data-e-type=\"section\" data-settings=\"{&quot;background_background&quot;:&quot;classic&quot;}\">\n\t\t\t\t\t\t\t<div class=\"elementor-background-overlay\"><\/div>\n\t\t\t\t\t\t\t<div class=\"elementor-container elementor-column-gap-extended\">\n\t\t\t\t\t<div class=\"elementor-column elementor-col-100 elementor-top-column elementor-element elementor-element-778702f\" data-id=\"778702f\" data-element_type=\"column\" data-e-type=\"column\">\n\t\t\t<div class=\"elementor-widget-wrap elementor-element-populated\">\n\t\t\t\t\t\t<div data-dce-title-color=\"#211915\" class=\"elementor-element elementor-element-bdb5596 elementor-widget__width-initial elementor-widget-mobile__width-inherit elementor-widget elementor-widget-heading\" data-id=\"bdb5596\" data-element_type=\"widget\" data-e-type=\"widget\" data-widget_type=\"heading.default\">\n\t\t\t\t<div class=\"elementor-widget-container\">\n\t\t\t\t\t<p class=\"elementor-heading-title elementor-size-default\">NOUS CONCEVONS POUR LES PROFESSIONNELS<\/p>\t\t\t\t<\/div>\n\t\t\t\t<\/div>\n\t\t\t\t\t<\/div>\n\t\t<\/div>\n\t\t\t\t\t<\/div>\n\t\t<\/section>\n\t\t\t\t<\/div>\n\t\t","protected":false},"excerpt":{"rendered":"<p>CATALOGUES STAYER DISPONIBLE AU T\u00c9L\u00c9CHARGEMENT CATALOGUE G\u00c9N\u00c9RAL OUTILS ET ACCESSOIRES \u00c9LECTRIQUES Retrouvez tous nos produits Descargar WELDING CATALOGUE Outils Et Accessoires \u00c9lectriques Retrouvez tous nos produits Descargar ACCESSOIRES Toutes les solutions accessibles aux professionnels. Descargar Fiches Techniques Descargar NOUS CONCEVONS POUR LES PROFESSIONNELS<\/p>\n","protected":false},"author":1,"featured_media":0,"parent":0,"menu_order":0,"comment_status":"closed","ping_status":"closed","template":"elementor_header_footer","meta":{"_acf_changed":false,"footnotes":""},"class_list":["post-12","page","type-page","status-publish","hentry"],"acf":false,"yoast_head":"<!-- This site is optimized with the Yoast SEO plugin v27.3 - https:\/\/yoast.com\/product\/yoast-seo-wordpress\/ -->\n<title>Catalogues - Frances<\/title>\n<meta name=\"robots\" content=\"index, follow, max-snippet:-1, max-image-preview:large, max-video-preview:-1\" \/>\n<link rel=\"canonical\" href=\"https:\/\/www.stayer.es\/fr\/catalogues\/\" \/>\n<meta property=\"og:locale\" content=\"fr_FR\" \/>\n<meta property=\"og:type\" content=\"article\" \/>\n<meta property=\"og:title\" content=\"Catalogues - Frances\" \/>\n<meta property=\"og:description\" content=\"CATALOGUES STAYER DISPONIBLE AU T\u00c9L\u00c9CHARGEMENT CATALOGUE G\u00c9N\u00c9RAL OUTILS ET ACCESSOIRES \u00c9LECTRIQUES Retrouvez tous nos produits Descargar WELDING CATALOGUE Outils Et Accessoires \u00c9lectriques Retrouvez tous nos produits Descargar ACCESSOIRES Toutes les solutions accessibles aux professionnels. Descargar Fiches Techniques Descargar NOUS CONCEVONS POUR LES PROFESSIONNELS\" \/>\n<meta property=\"og:url\" content=\"https:\/\/www.stayer.es\/fr\/catalogues\/\" \/>\n<meta property=\"og:site_name\" content=\"Frances\" \/>\n<meta property=\"article:modified_time\" content=\"2025-09-24T14:50:42+00:00\" \/>\n<meta name=\"twitter:card\" content=\"summary_large_image\" \/>\n<meta name=\"twitter:label1\" content=\"Dur\u00e9e de lecture estim\u00e9e\" \/>\n\t<meta name=\"twitter:data1\" content=\"1 minute\" \/>\n<script type=\"application\/ld+json\" class=\"yoast-schema-graph\">{\"@context\":\"https:\\\/\\\/schema.org\",\"@graph\":[{\"@type\":\"WebPage\",\"@id\":\"https:\\\/\\\/www.stayer.es\\\/fr\\\/catalogues\\\/\",\"url\":\"https:\\\/\\\/www.stayer.es\\\/fr\\\/catalogues\\\/\",\"name\":\"Catalogues - Frances\",\"isPartOf\":{\"@id\":\"https:\\\/\\\/www.stayer.es\\\/fr\\\/#website\"},\"datePublished\":\"2020-01-16T07:40:09+00:00\",\"dateModified\":\"2025-09-24T14:50:42+00:00\",\"inLanguage\":\"fr-FR\",\"potentialAction\":[{\"@type\":\"ReadAction\",\"target\":[\"https:\\\/\\\/www.stayer.es\\\/fr\\\/catalogues\\\/\"]}]},{\"@type\":\"WebSite\",\"@id\":\"https:\\\/\\\/www.stayer.es\\\/fr\\\/#website\",\"url\":\"https:\\\/\\\/www.stayer.es\\\/fr\\\/\",\"name\":\"Frances\",\"description\":\"Otro sitio realizado con WordPress\",\"publisher\":{\"@id\":\"https:\\\/\\\/www.stayer.es\\\/fr\\\/#organization\"},\"potentialAction\":[{\"@type\":\"SearchAction\",\"target\":{\"@type\":\"EntryPoint\",\"urlTemplate\":\"https:\\\/\\\/www.stayer.es\\\/fr\\\/?s={search_term_string}\"},\"query-input\":{\"@type\":\"PropertyValueSpecification\",\"valueRequired\":true,\"valueName\":\"search_term_string\"}}],\"inLanguage\":\"fr-FR\"},{\"@type\":\"Organization\",\"@id\":\"https:\\\/\\\/www.stayer.es\\\/fr\\\/#organization\",\"name\":\"Stayer Iberica, S.A.\",\"url\":\"https:\\\/\\\/www.stayer.es\\\/fr\\\/\",\"logo\":{\"@type\":\"ImageObject\",\"inLanguage\":\"fr-FR\",\"@id\":\"https:\\\/\\\/www.stayer.es\\\/fr\\\/#\\\/schema\\\/logo\\\/image\\\/\",\"url\":\"https:\\\/\\\/www.stayer.es\\\/fr\\\/wp-content\\\/uploads\\\/sites\\\/7\\\/stayer-rojo.png\",\"contentUrl\":\"https:\\\/\\\/www.stayer.es\\\/fr\\\/wp-content\\\/uploads\\\/sites\\\/7\\\/stayer-rojo.png\",\"width\":400,\"height\":113,\"caption\":\"Stayer Iberica, S.A.\"},\"image\":{\"@id\":\"https:\\\/\\\/www.stayer.es\\\/fr\\\/#\\\/schema\\\/logo\\\/image\\\/\"}}]}<\/script>\n<!-- \/ Yoast SEO plugin. -->","yoast_head_json":{"title":"Catalogues - Frances","robots":{"index":"index","follow":"follow","max-snippet":"max-snippet:-1","max-image-preview":"max-image-preview:large","max-video-preview":"max-video-preview:-1"},"canonical":"https:\/\/www.stayer.es\/fr\/catalogues\/","og_locale":"fr_FR","og_type":"article","og_title":"Catalogues - Frances","og_description":"CATALOGUES STAYER DISPONIBLE AU T\u00c9L\u00c9CHARGEMENT CATALOGUE G\u00c9N\u00c9RAL OUTILS ET ACCESSOIRES \u00c9LECTRIQUES Retrouvez tous nos produits Descargar WELDING CATALOGUE Outils Et Accessoires \u00c9lectriques Retrouvez tous nos produits Descargar ACCESSOIRES Toutes les solutions accessibles aux professionnels. Descargar Fiches Techniques Descargar NOUS CONCEVONS POUR LES PROFESSIONNELS","og_url":"https:\/\/www.stayer.es\/fr\/catalogues\/","og_site_name":"Frances","article_modified_time":"2025-09-24T14:50:42+00:00","twitter_card":"summary_large_image","twitter_misc":{"Dur\u00e9e de lecture estim\u00e9e":"1 minute"},"schema":{"@context":"https:\/\/schema.org","@graph":[{"@type":"WebPage","@id":"https:\/\/www.stayer.es\/fr\/catalogues\/","url":"https:\/\/www.stayer.es\/fr\/catalogues\/","name":"Catalogues - Frances","isPartOf":{"@id":"https:\/\/www.stayer.es\/fr\/#website"},"datePublished":"2020-01-16T07:40:09+00:00","dateModified":"2025-09-24T14:50:42+00:00","inLanguage":"fr-FR","potentialAction":[{"@type":"ReadAction","target":["https:\/\/www.stayer.es\/fr\/catalogues\/"]}]},{"@type":"WebSite","@id":"https:\/\/www.stayer.es\/fr\/#website","url":"https:\/\/www.stayer.es\/fr\/","name":"Frances","description":"Otro sitio realizado con WordPress","publisher":{"@id":"https:\/\/www.stayer.es\/fr\/#organization"},"potentialAction":[{"@type":"SearchAction","target":{"@type":"EntryPoint","urlTemplate":"https:\/\/www.stayer.es\/fr\/?s={search_term_string}"},"query-input":{"@type":"PropertyValueSpecification","valueRequired":true,"valueName":"search_term_string"}}],"inLanguage":"fr-FR"},{"@type":"Organization","@id":"https:\/\/www.stayer.es\/fr\/#organization","name":"Stayer Iberica, S.A.","url":"https:\/\/www.stayer.es\/fr\/","logo":{"@type":"ImageObject","inLanguage":"fr-FR","@id":"https:\/\/www.stayer.es\/fr\/#\/schema\/logo\/image\/","url":"https:\/\/www.stayer.es\/fr\/wp-content\/uploads\/sites\/7\/stayer-rojo.png","contentUrl":"https:\/\/www.stayer.es\/fr\/wp-content\/uploads\/sites\/7\/stayer-rojo.png","width":400,"height":113,"caption":"Stayer Iberica, S.A."},"image":{"@id":"https:\/\/www.stayer.es\/fr\/#\/schema\/logo\/image\/"}}]}},"_links":{"self":[{"href":"https:\/\/www.stayer.es\/fr\/wp-json\/wp\/v2\/pages\/12","targetHints":{"allow":["GET"]}}],"collection":[{"href":"https:\/\/www.stayer.es\/fr\/wp-json\/wp\/v2\/pages"}],"about":[{"href":"https:\/\/www.stayer.es\/fr\/wp-json\/wp\/v2\/types\/page"}],"author":[{"embeddable":true,"href":"https:\/\/www.stayer.es\/fr\/wp-json\/wp\/v2\/users\/1"}],"replies":[{"embeddable":true,"href":"https:\/\/www.stayer.es\/fr\/wp-json\/wp\/v2\/comments?post=12"}],"version-history":[{"count":6,"href":"https:\/\/www.stayer.es\/fr\/wp-json\/wp\/v2\/pages\/12\/revisions"}],"predecessor-version":[{"id":5731739,"href":"https:\/\/www.stayer.es\/fr\/wp-json\/wp\/v2\/pages\/12\/revisions\/5731739"}],"wp:attachment":[{"href":"https:\/\/www.stayer.es\/fr\/wp-json\/wp\/v2\/media?parent=12"}],"curies":[{"name":"wp","href":"https:\/\/api.w.org\/{rel}","templated":true}]}}