{"id":11,"date":"2020-01-16T08:39:37","date_gmt":"2020-01-16T07:39:37","guid":{"rendered":"https:\/\/www.stayer.es\/fr\/control-de-calidad"},"modified":"2024-06-26T09:40:50","modified_gmt":"2024-06-26T07:40:50","slug":"controle-de-la-qualite","status":"publish","type":"page","link":"https:\/\/www.stayer.es\/fr\/controle-de-la-qualite\/","title":{"rendered":"Contr\u00f4le de la qualit\u00e9"},"content":{"rendered":"\t\t<div data-elementor-type=\"wp-page\" data-elementor-id=\"11\" class=\"elementor elementor-11\" data-elementor-post-type=\"page\">\n\t\t\t\t\t\t<section class=\"elementor-section elementor-top-section elementor-element elementor-element-3d1b8e4 elementor-section-boxed elementor-section-height-default elementor-section-height-default\" data-id=\"3d1b8e4\" data-element_type=\"section\" data-e-type=\"section\">\n\t\t\t\t\t\t<div class=\"elementor-container elementor-column-gap-default\">\n\t\t\t\t\t<div data-dce-background-image-url=\"https:\/\/www.stayer.es\/en\/wp-content\/uploads\/calidad-detalle1.png\" class=\"elementor-column elementor-col-100 elementor-top-column elementor-element elementor-element-0ba2950\" data-id=\"0ba2950\" data-element_type=\"column\" data-e-type=\"column\" data-settings=\"{&quot;background_background&quot;:&quot;classic&quot;}\">\n\t\t\t<div class=\"elementor-widget-wrap elementor-element-populated\">\n\t\t\t\t\t\t<div data-dce-title-color=\"#211915\" class=\"elementor-element elementor-element-f982a99 elementor-widget elementor-widget-heading\" data-id=\"f982a99\" data-element_type=\"widget\" data-e-type=\"widget\" data-widget_type=\"heading.default\">\n\t\t\t\t<div class=\"elementor-widget-container\">\n\t\t\t\t\t<h1 class=\"elementor-heading-title elementor-size-default\">CONTR\u00d4LE DE LA QUALIT\u00c9<\/h1>\t\t\t\t<\/div>\n\t\t\t\t<\/div>\n\t\t\t\t<div data-dce-title-color=\"#333531\" class=\"elementor-element elementor-element-e529982 elementor-widget elementor-widget-heading\" data-id=\"e529982\" data-element_type=\"widget\" data-e-type=\"widget\" data-widget_type=\"heading.default\">\n\t\t\t\t<div class=\"elementor-widget-container\">\n\t\t\t\t\t<h2 class=\"elementor-heading-title elementor-size-default\">stayer : garantie de qualit\u00e9<\/h2>\t\t\t\t<\/div>\n\t\t\t\t<\/div>\n\t\t\t\t<div data-dce-text-color=\"#000000\" class=\"elementor-element elementor-element-149fa43 elementor-widget elementor-widget-text-editor\" data-id=\"149fa43\" data-element_type=\"widget\" data-e-type=\"widget\" data-widget_type=\"text-editor.default\">\n\t\t\t\t<div class=\"elementor-widget-container\">\n\t\t\t\t\t\t\t\t\t<p>Le contr\u00f4le de la qualit\u00e9 commence par la s\u00e9lection des composants chez les diff\u00e9rents fournisseurs qui offrent les meilleurs indices de performance et de qualit\u00e9 dans le temps, et se poursuit tout au long des diff\u00e9rentes phases de production, jusqu&rsquo;\u00e0 l&#8217;emballage final du produit.<\/p><p>\u00c0 chaque phase, les diff\u00e9rents composants sont test\u00e9s, en accordant une attention particuli\u00e8re \u00e0 ceux qui sont soumis \u00e0 des contraintes et \u00e0 des efforts plus importants au cours de leur fonctionnement. La r\u00e9sistance au travail continu sans entretien et la durabilit\u00e9 de chaque machine sont tr\u00e8s appr\u00e9ci\u00e9es. De m\u00eame, les caract\u00e9ristiques techniques de chaque machine sont contr\u00f4l\u00e9es par la mesure continue d&rsquo;\u00e9l\u00e9ments tels que la puissance des moteurs, la capacit\u00e9 de per\u00e7age sur tous les types de mat\u00e9riaux, le couple de serrage ou la puissance de percussion.<\/p><p>Cependant, aucun test n&rsquo;est plus fiable que le contr\u00f4le effectu\u00e9 par nos techniciens et collaborateurs qui acceptent de r\u00e9aliser nos tests, en les soumettant simplement \u00e0 une utilisation extr\u00eame dans les conditions de travail les plus dures. Ce n&rsquo;est qu&rsquo;apr\u00e8s avoir pass\u00e9 les tests que Stayer donne le feu vert \u00e0 ses outils ou, dans le cas contraire, incorpore les am\u00e9liorations appropri\u00e9es en termes de qualit\u00e9, de fonctionnalit\u00e9 ou d&rsquo;ergonomie.<\/p>\t\t\t\t\t\t\t\t<\/div>\n\t\t\t\t<\/div>\n\t\t\t\t<div class=\"elementor-element elementor-element-a538b2b elementor-posts--thumbnail-top elementor-grid-3 elementor-grid-tablet-2 elementor-grid-mobile-1 elementor-widget elementor-widget-posts\" data-id=\"a538b2b\" data-element_type=\"widget\" data-e-type=\"widget\" data-settings=\"{&quot;custom_columns&quot;:&quot;3&quot;,&quot;custom_columns_tablet&quot;:&quot;2&quot;,&quot;custom_columns_mobile&quot;:&quot;1&quot;,&quot;custom_row_gap&quot;:{&quot;unit&quot;:&quot;px&quot;,&quot;size&quot;:35,&quot;sizes&quot;:[]},&quot;custom_row_gap_tablet&quot;:{&quot;unit&quot;:&quot;px&quot;,&quot;size&quot;:&quot;&quot;,&quot;sizes&quot;:[]},&quot;custom_row_gap_mobile&quot;:{&quot;unit&quot;:&quot;px&quot;,&quot;size&quot;:&quot;&quot;,&quot;sizes&quot;:[]}}\" data-widget_type=\"posts.custom\">\n\t\t\t\t<div class=\"elementor-widget-container\">\n\t\t\t\t\t      <div class=\"ecs-posts elementor-posts-container elementor-posts   elementor-grid elementor-posts--skin-custom\" data-settings=\"{&quot;current_page&quot;:1,&quot;max_num_pages&quot;:1,&quot;load_method&quot;:&quot;&quot;,&quot;widget_id&quot;:&quot;a538b2b&quot;,&quot;post_id&quot;:11,&quot;theme_id&quot;:11,&quot;change_url&quot;:false,&quot;reinit_js&quot;:false}\">\n      \t\t<article id=\"post-5723776\" class=\"elementor-post elementor-grid-item ecs-post-loop post-5723776 st_certificados type-st_certificados status-publish hentry\">\n\t\t\t\t<div data-elementor-type=\"loop\" data-elementor-id=\"1275\" class=\"elementor elementor-1275 post-5723776 st_certificados type-st_certificados status-publish hentry\" data-elementor-post-type=\"elementor_library\">\n\t\t\t\t\t<section class=\"elementor-section elementor-top-section elementor-element elementor-element-040c4ab elementor-section-boxed elementor-section-height-default elementor-section-height-default\" data-id=\"040c4ab\" data-element_type=\"section\" data-e-type=\"section\">\n\t\t\t\t\t\t<div class=\"elementor-container elementor-column-gap-default\">\n\t\t\t\t\t<div class=\"elementor-column elementor-col-100 elementor-top-column elementor-element elementor-element-fd33d1e\" data-id=\"fd33d1e\" data-element_type=\"column\" data-e-type=\"column\">\n\t\t\t<div class=\"elementor-widget-wrap elementor-element-populated\">\n\t\t\t\t\t\t<div data-dce-title-color=\"#FF0000\" class=\"elementor-element elementor-element-1c83d26 elementor-widget elementor-widget-heading\" data-id=\"1c83d26\" data-element_type=\"widget\" data-e-type=\"widget\" data-widget_type=\"heading.default\">\n\t\t\t\t<div class=\"elementor-widget-container\">\n\t\t\t\t\t<h3 class=\"elementor-heading-title elementor-size-default\"><a href=\"https:\/\/www.stayer.es\/fr\/wp-content\/uploads\/sites\/7\/GARANTIA-2022.pdf\" target=\"_blank\">Stayer Warranty 2022<\/a><\/h3>\t\t\t\t<\/div>\n\t\t\t\t<\/div>\n\t\t\t\t\t<\/div>\n\t\t<\/div>\n\t\t\t\t\t<\/div>\n\t\t<\/section>\n\t\t\t\t<\/div>\n\t\t\t\t<\/article>\n\t\t\t\t<article id=\"post-5723355\" class=\"elementor-post elementor-grid-item ecs-post-loop post-5723355 st_certificados type-st_certificados status-publish hentry\">\n\t\t\t\t<div data-elementor-type=\"loop\" data-elementor-id=\"1275\" class=\"elementor elementor-1275 post-5723355 st_certificados type-st_certificados status-publish hentry\" data-elementor-post-type=\"elementor_library\">\n\t\t\t\t\t<section class=\"elementor-section elementor-top-section elementor-element elementor-element-040c4ab elementor-section-boxed elementor-section-height-default elementor-section-height-default\" data-id=\"040c4ab\" data-element_type=\"section\" data-e-type=\"section\">\n\t\t\t\t\t\t<div class=\"elementor-container elementor-column-gap-default\">\n\t\t\t\t\t<div class=\"elementor-column elementor-col-100 elementor-top-column elementor-element elementor-element-fd33d1e\" data-id=\"fd33d1e\" data-element_type=\"column\" data-e-type=\"column\">\n\t\t\t<div class=\"elementor-widget-wrap elementor-element-populated\">\n\t\t\t\t\t\t<div data-dce-title-color=\"#FF0000\" class=\"elementor-element elementor-element-1c83d26 elementor-widget elementor-widget-heading\" data-id=\"1c83d26\" data-element_type=\"widget\" data-e-type=\"widget\" data-widget_type=\"heading.default\">\n\t\t\t\t<div class=\"elementor-widget-container\">\n\t\t\t\t\t<h3 class=\"elementor-heading-title elementor-size-default\"><a href=\"https:\/\/www.stayer.es\/fr\/wp-content\/uploads\/sites\/7\/ISO-9001-254431-2018-AQ-IBE-ENAC-1-en-US.pdf\" target=\"_blank\">ISO 9000:2015<\/a><\/h3>\t\t\t\t<\/div>\n\t\t\t\t<\/div>\n\t\t\t\t\t<\/div>\n\t\t<\/div>\n\t\t\t\t\t<\/div>\n\t\t<\/section>\n\t\t\t\t<\/div>\n\t\t\t\t<\/article>\n\t\t\t\t<article id=\"post-5711966\" class=\"elementor-post elementor-grid-item ecs-post-loop post-5711966 st_certificados type-st_certificados status-publish hentry\">\n\t\t\t\t<div data-elementor-type=\"loop\" data-elementor-id=\"1275\" class=\"elementor elementor-1275 post-5711966 st_certificados type-st_certificados status-publish hentry\" data-elementor-post-type=\"elementor_library\">\n\t\t\t\t\t<section class=\"elementor-section elementor-top-section elementor-element elementor-element-040c4ab elementor-section-boxed elementor-section-height-default elementor-section-height-default\" data-id=\"040c4ab\" data-element_type=\"section\" data-e-type=\"section\">\n\t\t\t\t\t\t<div class=\"elementor-container elementor-column-gap-default\">\n\t\t\t\t\t<div class=\"elementor-column elementor-col-100 elementor-top-column elementor-element elementor-element-fd33d1e\" data-id=\"fd33d1e\" data-element_type=\"column\" data-e-type=\"column\">\n\t\t\t<div class=\"elementor-widget-wrap elementor-element-populated\">\n\t\t\t\t\t\t<div data-dce-title-color=\"#FF0000\" class=\"elementor-element elementor-element-1c83d26 elementor-widget elementor-widget-heading\" data-id=\"1c83d26\" data-element_type=\"widget\" data-e-type=\"widget\" data-widget_type=\"heading.default\">\n\t\t\t\t<div class=\"elementor-widget-container\">\n\t\t\t\t\t<h3 class=\"elementor-heading-title elementor-size-default\"><a href=\"https:\/\/www.stayer.es\/fr\/wp-content\/uploads\/sites\/7\/QUALITY-POLICY.pdf\" target=\"_blank\">Quality Policy<\/a><\/h3>\t\t\t\t<\/div>\n\t\t\t\t<\/div>\n\t\t\t\t\t<\/div>\n\t\t<\/div>\n\t\t\t\t\t<\/div>\n\t\t<\/section>\n\t\t\t\t<\/div>\n\t\t\t\t<\/article>\n\t\t\t\t<\/div>\n\t\t\t\t\t\t<\/div>\n\t\t\t\t<\/div>\n\t\t\t\t\t<\/div>\n\t\t<\/div>\n\t\t\t\t\t<\/div>\n\t\t<\/section>\n\t\t\t\t<section data-dce-background-overlay-color=\"rgba(255, 255, 255, 0.41)\" data-dce-background-image-url=\"https:\/\/www.stayer.es\/en\/wp-content\/uploads\/calidad-footer.png\" class=\"elementor-section elementor-top-section elementor-element elementor-element-4243f5d elementor-section-height-min-height elementor-section-items-stretch elementor-section-boxed elementor-section-height-default\" data-id=\"4243f5d\" data-element_type=\"section\" data-e-type=\"section\" data-settings=\"{&quot;background_background&quot;:&quot;classic&quot;}\">\n\t\t\t\t\t\t\t<div class=\"elementor-background-overlay\"><\/div>\n\t\t\t\t\t\t\t<div class=\"elementor-container elementor-column-gap-extended\">\n\t\t\t\t\t<div class=\"elementor-column elementor-col-100 elementor-top-column elementor-element elementor-element-cd196c0\" data-id=\"cd196c0\" data-element_type=\"column\" data-e-type=\"column\">\n\t\t\t<div class=\"elementor-widget-wrap elementor-element-populated\">\n\t\t\t\t\t\t<div data-dce-title-color=\"#211915\" class=\"elementor-element elementor-element-9e56d82 elementor-widget__width-inherit elementor-widget elementor-widget-heading\" data-id=\"9e56d82\" data-element_type=\"widget\" data-e-type=\"widget\" data-widget_type=\"heading.default\">\n\t\t\t\t<div class=\"elementor-widget-container\">\n\t\t\t\t\t<p class=\"elementor-heading-title elementor-size-default\">CONSTRUISEZ VOTRE AVENIR AVEC STAYER<\/p>\t\t\t\t<\/div>\n\t\t\t\t<\/div>\n\t\t\t\t\t<\/div>\n\t\t<\/div>\n\t\t\t\t\t<\/div>\n\t\t<\/section>\n\t\t\t\t<\/div>\n\t\t","protected":false},"excerpt":{"rendered":"<p>CONTR\u00d4LE DE LA QUALIT\u00c9 stayer : garantie de qualit\u00e9 Le contr\u00f4le de la qualit\u00e9 commence par la s\u00e9lection des composants chez les diff\u00e9rents fournisseurs qui offrent les meilleurs indices de performance et de qualit\u00e9 dans le temps, et se poursuit tout au long des diff\u00e9rentes phases de production, jusqu&rsquo;\u00e0 l&#8217;emballage final du produit. \u00c0 chaque [&hellip;]<\/p>\n","protected":false},"author":1,"featured_media":0,"parent":0,"menu_order":0,"comment_status":"closed","ping_status":"closed","template":"elementor_header_footer","meta":{"_acf_changed":false,"footnotes":""},"class_list":["post-11","page","type-page","status-publish","hentry"],"acf":false,"yoast_head":"<!-- This site is optimized with the Yoast SEO plugin v27.2 - https:\/\/yoast.com\/product\/yoast-seo-wordpress\/ -->\n<title>Contr\u00f4le de la qualit\u00e9 - Frances<\/title>\n<meta name=\"robots\" content=\"index, follow, max-snippet:-1, max-image-preview:large, max-video-preview:-1\" \/>\n<link rel=\"canonical\" href=\"https:\/\/www.stayer.es\/fr\/controle-de-la-qualite\/\" \/>\n<meta property=\"og:locale\" content=\"fr_FR\" \/>\n<meta property=\"og:type\" content=\"article\" \/>\n<meta property=\"og:title\" content=\"Contr\u00f4le de la qualit\u00e9 - Frances\" \/>\n<meta property=\"og:description\" content=\"CONTR\u00d4LE DE LA QUALIT\u00c9 stayer : garantie de qualit\u00e9 Le contr\u00f4le de la qualit\u00e9 commence par la s\u00e9lection des composants chez les diff\u00e9rents fournisseurs qui offrent les meilleurs indices de performance et de qualit\u00e9 dans le temps, et se poursuit tout au long des diff\u00e9rentes phases de production, jusqu&rsquo;\u00e0 l&#8217;emballage final du produit. \u00c0 chaque [&hellip;]\" \/>\n<meta property=\"og:url\" content=\"https:\/\/www.stayer.es\/fr\/controle-de-la-qualite\/\" \/>\n<meta property=\"og:site_name\" content=\"Frances\" \/>\n<meta property=\"article:modified_time\" content=\"2024-06-26T07:40:50+00:00\" \/>\n<meta name=\"twitter:card\" content=\"summary_large_image\" \/>\n<meta name=\"twitter:label1\" content=\"Dur\u00e9e de lecture estim\u00e9e\" \/>\n\t<meta name=\"twitter:data1\" content=\"2 minutes\" \/>\n<script type=\"application\/ld+json\" class=\"yoast-schema-graph\">{\"@context\":\"https:\/\/schema.org\",\"@graph\":[{\"@type\":\"WebPage\",\"@id\":\"https:\/\/www.stayer.es\/fr\/controle-de-la-qualite\/\",\"url\":\"https:\/\/www.stayer.es\/fr\/controle-de-la-qualite\/\",\"name\":\"Contr\u00f4le de la qualit\u00e9 - Frances\",\"isPartOf\":{\"@id\":\"https:\/\/www.stayer.es\/fr\/#website\"},\"datePublished\":\"2020-01-16T07:39:37+00:00\",\"dateModified\":\"2024-06-26T07:40:50+00:00\",\"inLanguage\":\"fr-FR\",\"potentialAction\":[{\"@type\":\"ReadAction\",\"target\":[\"https:\/\/www.stayer.es\/fr\/controle-de-la-qualite\/\"]}]},{\"@type\":\"WebSite\",\"@id\":\"https:\/\/www.stayer.es\/fr\/#website\",\"url\":\"https:\/\/www.stayer.es\/fr\/\",\"name\":\"Frances\",\"description\":\"Otro sitio realizado con WordPress\",\"publisher\":{\"@id\":\"https:\/\/www.stayer.es\/fr\/#organization\"},\"potentialAction\":[{\"@type\":\"SearchAction\",\"target\":{\"@type\":\"EntryPoint\",\"urlTemplate\":\"https:\/\/www.stayer.es\/fr\/?s={search_term_string}\"},\"query-input\":{\"@type\":\"PropertyValueSpecification\",\"valueRequired\":true,\"valueName\":\"search_term_string\"}}],\"inLanguage\":\"fr-FR\"},{\"@type\":\"Organization\",\"@id\":\"https:\/\/www.stayer.es\/fr\/#organization\",\"name\":\"Stayer Iberica, S.A.\",\"url\":\"https:\/\/www.stayer.es\/fr\/\",\"logo\":{\"@type\":\"ImageObject\",\"inLanguage\":\"fr-FR\",\"@id\":\"https:\/\/www.stayer.es\/fr\/#\/schema\/logo\/image\/\",\"url\":\"https:\/\/www.stayer.es\/fr\/wp-content\/uploads\/sites\/7\/stayer-rojo.png\",\"contentUrl\":\"https:\/\/www.stayer.es\/fr\/wp-content\/uploads\/sites\/7\/stayer-rojo.png\",\"width\":400,\"height\":113,\"caption\":\"Stayer Iberica, S.A.\"},\"image\":{\"@id\":\"https:\/\/www.stayer.es\/fr\/#\/schema\/logo\/image\/\"}}]}<\/script>\n<!-- \/ Yoast SEO plugin. -->","yoast_head_json":{"title":"Contr\u00f4le de la qualit\u00e9 - Frances","robots":{"index":"index","follow":"follow","max-snippet":"max-snippet:-1","max-image-preview":"max-image-preview:large","max-video-preview":"max-video-preview:-1"},"canonical":"https:\/\/www.stayer.es\/fr\/controle-de-la-qualite\/","og_locale":"fr_FR","og_type":"article","og_title":"Contr\u00f4le de la qualit\u00e9 - Frances","og_description":"CONTR\u00d4LE DE LA QUALIT\u00c9 stayer : garantie de qualit\u00e9 Le contr\u00f4le de la qualit\u00e9 commence par la s\u00e9lection des composants chez les diff\u00e9rents fournisseurs qui offrent les meilleurs indices de performance et de qualit\u00e9 dans le temps, et se poursuit tout au long des diff\u00e9rentes phases de production, jusqu&rsquo;\u00e0 l&#8217;emballage final du produit. \u00c0 chaque [&hellip;]","og_url":"https:\/\/www.stayer.es\/fr\/controle-de-la-qualite\/","og_site_name":"Frances","article_modified_time":"2024-06-26T07:40:50+00:00","twitter_card":"summary_large_image","twitter_misc":{"Dur\u00e9e de lecture estim\u00e9e":"2 minutes"},"schema":{"@context":"https:\/\/schema.org","@graph":[{"@type":"WebPage","@id":"https:\/\/www.stayer.es\/fr\/controle-de-la-qualite\/","url":"https:\/\/www.stayer.es\/fr\/controle-de-la-qualite\/","name":"Contr\u00f4le de la qualit\u00e9 - Frances","isPartOf":{"@id":"https:\/\/www.stayer.es\/fr\/#website"},"datePublished":"2020-01-16T07:39:37+00:00","dateModified":"2024-06-26T07:40:50+00:00","inLanguage":"fr-FR","potentialAction":[{"@type":"ReadAction","target":["https:\/\/www.stayer.es\/fr\/controle-de-la-qualite\/"]}]},{"@type":"WebSite","@id":"https:\/\/www.stayer.es\/fr\/#website","url":"https:\/\/www.stayer.es\/fr\/","name":"Frances","description":"Otro sitio realizado con WordPress","publisher":{"@id":"https:\/\/www.stayer.es\/fr\/#organization"},"potentialAction":[{"@type":"SearchAction","target":{"@type":"EntryPoint","urlTemplate":"https:\/\/www.stayer.es\/fr\/?s={search_term_string}"},"query-input":{"@type":"PropertyValueSpecification","valueRequired":true,"valueName":"search_term_string"}}],"inLanguage":"fr-FR"},{"@type":"Organization","@id":"https:\/\/www.stayer.es\/fr\/#organization","name":"Stayer Iberica, S.A.","url":"https:\/\/www.stayer.es\/fr\/","logo":{"@type":"ImageObject","inLanguage":"fr-FR","@id":"https:\/\/www.stayer.es\/fr\/#\/schema\/logo\/image\/","url":"https:\/\/www.stayer.es\/fr\/wp-content\/uploads\/sites\/7\/stayer-rojo.png","contentUrl":"https:\/\/www.stayer.es\/fr\/wp-content\/uploads\/sites\/7\/stayer-rojo.png","width":400,"height":113,"caption":"Stayer Iberica, S.A."},"image":{"@id":"https:\/\/www.stayer.es\/fr\/#\/schema\/logo\/image\/"}}]}},"_links":{"self":[{"href":"https:\/\/www.stayer.es\/fr\/wp-json\/wp\/v2\/pages\/11","targetHints":{"allow":["GET"]}}],"collection":[{"href":"https:\/\/www.stayer.es\/fr\/wp-json\/wp\/v2\/pages"}],"about":[{"href":"https:\/\/www.stayer.es\/fr\/wp-json\/wp\/v2\/types\/page"}],"author":[{"embeddable":true,"href":"https:\/\/www.stayer.es\/fr\/wp-json\/wp\/v2\/users\/1"}],"replies":[{"embeddable":true,"href":"https:\/\/www.stayer.es\/fr\/wp-json\/wp\/v2\/comments?post=11"}],"version-history":[{"count":0,"href":"https:\/\/www.stayer.es\/fr\/wp-json\/wp\/v2\/pages\/11\/revisions"}],"wp:attachment":[{"href":"https:\/\/www.stayer.es\/fr\/wp-json\/wp\/v2\/media?parent=11"}],"curies":[{"name":"wp","href":"https:\/\/api.w.org\/{rel}","templated":true}]}}